{"id":1504,"date":"2013-12-23T11:03:40","date_gmt":"2013-12-23T11:03:40","guid":{"rendered":"http:\/\/blueowlcreative.com\/wp\/savia\/?page_id=2"},"modified":"2019-10-31T10:33:19","modified_gmt":"2019-10-31T09:33:19","slug":"home","status":"publish","type":"page","link":"https:\/\/idramedia.com\/en\/","title":{"rendered":"Home"},"content":{"rendered":"<div id=\"rev_slider_1_2_wrapper\" class=\"rev_slider_wrapper fullwidthbanner-container\" data-source=\"gallery\" style=\"margin:0px auto;background:#ffffff;padding:0px;margin-top:0px;margin-bottom:0px;\">\n<!-- START REVOLUTION SLIDER 5.4.6.2 fullwidth mode -->\n\t<div id=\"rev_slider_1_2\" class=\"rev_slider fullwidthabanner\" style=\"display:none;\" data-version=\"5.4.6.2\">\n<ul>\t<!-- SLIDE  -->\n\t<li data-index=\"rs-1\" data-transition=\"fade\" data-slotamount=\"7\" data-hideafterloop=\"0\" data-hideslideonmobile=\"off\"  data-easein=\"default\" data-easeout=\"default\" data-masterspeed=\"500\"  data-thumb=\"https:\/\/idramedia.com\/wp-content\/uploads\/2018\/01\/IDRAMEDIA-bg-banner_1@3x-100x50.jpg\"  data-rotate=\"0\"  data-saveperformance=\"off\"  data-title=\"Slide\" data-param1=\"\" data-param2=\"\" data-param3=\"\" data-param4=\"\" data-param5=\"\" data-param6=\"\" data-param7=\"\" data-param8=\"\" data-param9=\"\" data-param10=\"\" data-description=\"\">\n\t\t<!-- MAIN IMAGE -->\n\t\t<img loading=\"lazy\" decoding=\"async\" src=\"https:\/\/idramedia.com\/wp-content\/uploads\/2018\/01\/IDRAMEDIA-bg-banner_1@3x.jpg\"  alt=\"\" title=\"IDRAMEDIA bg-banner_1@3x\"  width=\"7680\" height=\"1704\" data-bgposition=\"center center\" data-bgfit=\"cover\" data-bgrepeat=\"no-repeat\" class=\"rev-slidebg\" data-no-retina>\n\t\t<!-- LAYERS -->\n\t<\/li>\n<\/ul>\n<div class=\"tp-bannertimer tp-bottom\" style=\"visibility: hidden !important;\"><\/div>\t<\/div>\n<script>var htmlDiv = document.getElementById(\"rs-plugin-settings-inline-css\"); var htmlDivCss=\"\";\r\n\t\t\t\tif(htmlDiv) {\r\n\t\t\t\t\thtmlDiv.innerHTML = htmlDiv.innerHTML + htmlDivCss;\r\n\t\t\t\t}else{\r\n\t\t\t\t\tvar htmlDiv = document.createElement(\"div\");\r\n\t\t\t\t\thtmlDiv.innerHTML = \"<style>\" + htmlDivCss + \"<\/style>\";\r\n\t\t\t\t\tdocument.getElementsByTagName(\"head\")[0].appendChild(htmlDiv.childNodes[0]);\r\n\t\t\t\t}\r\n\t\t\t<\/script>\n\t\t<script type=\"text\/javascript\">\r\nsetREVStartSize({c: jQuery('#rev_slider_1_2'), gridwidth: [1903], gridheight: [568], sliderLayout: 'fullwidth'});\r\n\t\t\t\r\nvar revapi1,\r\n\ttpj=jQuery;\r\ntpj.noConflict();\t\t\t\r\ntpj(document).ready(function() {\n\tif(tpj(\"#rev_slider_1_2\").revolution == undefined){\n\t\trevslider_showDoubleJqueryError(\"#rev_slider_1_2\");\n\t}else{\n\t\trevapi1 = tpj(\"#rev_slider_1_2\").show().revolution({\n\t\t\tsliderType:\"hero\",\n\t\t\tjsFileLocation:\"\/\/idramedia.com\/wp-content\/plugins\/revslider\/public\/assets\/js\/\",\n\t\t\tsliderLayout:\"fullwidth\",\n\t\t\tdottedOverlay:\"none\",\n\t\t\tdelay:9000,\n\t\t\tvisibilityLevels:[1240,1024,778,480],\n\t\t\tgridwidth:1903,\n\t\t\tgridheight:568,\n\t\t\tlazyType:\"none\",\n\t\t\tshadow:0,\n\t\t\tspinner:\"spinner5\",\n\t\t\tautoHeight:\"off\",\n\t\t\tdisableProgressBar:\"on\",\n\t\t\thideThumbsOnMobile:\"off\",\n\t\t\thideSliderAtLimit:0,\n\t\t\thideCaptionAtLimit:0,\n\t\t\thideAllCaptionAtLilmit:0,\n\t\t\tdebugMode:false,\n\t\t\tfallbacks: {\n\t\t\t\tsimplifyAll:\"off\",\n\t\t\t\tdisableFocusListener:false,\n\t\t\t}\n\t\t});\n\t}\n\t\n});\t\/*ready*\/\n<\/script>\r\n\t\t<\/div><!-- END REVOLUTION SLIDER -->\n<!-- Container Row --><div class=\"container animationStart \">\r\n\t\t<div class=\"row   \">\r\n\t\t\t<div class=\"sixteen columns\">\r\n\t\t\t\n<div class=\"section_big_title \">\n<h1>&#8220;We Make Media <strong>Monitoring<\/strong> Easy&#8221;<\/h1>\n<h2>Media Intelligence That Makes Your Advertising Work<\/h2>\n<a href=\"http:\/\/idramedia.com\/about-us\/\" class=\"button button_orange bordered\" ><div class=\"shortcode_icon   shortcode_icon_simple\"><i class=\"icon trophy\"><\/i><\/div>About Us<\/a> \u00a0 \u00a0<a href=\"http:\/\/idramedia.com\/services-products\/\" class=\"button button_blue bordered\" ><div class=\"shortcode_icon   shortcode_icon_simple\"><i class=\"icon thumbsup\"><\/i><\/div>Our Services<\/a> <\/div>\n\r\n\t\t\t<\/div>\t\t\t\r\n    \t<\/div>\r\n\t<\/div>\r\n\t<!-- Container Row :: END -->\r\n\t\n<!-- Container Row --><div  data-stellar-background-ratio=\"0.5\" class=\"full_container parallax_bgr  no_border_container\" style=\"background:url(http:\/\/blueowlcreative.com\/wp\/savia\/wp-content\/uploads\/2013\/12\/bgr_res.jpg) center center no-repeat; background-attachment: fixed; background-size: cover;\"><div class=\"container animationStart \">\r\n\t\t<div class=\"row   \">\r\n\t\t\t<div class=\"sixteen columns\">\r\n\t\t\t\n<div class=\"seven columns  alpha\">\n<h2 class=\"left_title  large \"><span>Our Platform<\/span><\/h2><div class='h20'><\/div>\n<h4><img loading=\"lazy\" decoding=\"async\" class=\"size-full wp-image-2177 alignleft\" src=\"http:\/\/idramedia.com\/wp-content\/uploads\/2018\/03\/kolibri_list.png\" alt=\"\" width=\"26\" height=\"26\" \/><\/h4>\n<h4><span class=\"su-lightbox\" data-mfp-src=\"#kolibri-popup_en\" data-mfp-type=\"inline\" data-mobile=\"yes\"><strong>Kolibri &#8211; Short News<\/strong><\/span><\/h4>\n<pre><div class=\"su-lightbox-content su-u-trim \" id=\"kolibri-popup_en\" style=\"display:none;width:50%;margin-top:40px;margin-bottom:40px;padding:40px;background-color:#FFFFFF;color:#333333;box-shadow:0px 0px 15px #333333;text-align:center\"> \u201cKolibri\u2019 - Nj\u00eb projekt i ri i IDRAMEDIA-s. Nj\u00eb platform\u00eb e re online,\r\ne cila ofron n\u00eb koh\u00eb reale nj\u00eb p\u00ebrmbedhje t\u00eb lajmeve t\u00eb dit\u00ebs n\u00eb fusha t\u00eb ndryshme t\u00eb interesit. Gjithashtu, \u201cKolibri\u2019\r\nfunksionon si furnizues formacioni, n\u00eb form\u00ebn e nj\u00eb aplikacioni, duke qen\u00eb lehtesisht i aksesueshem p\u00ebr p\u00ebrdoruesit. \r\nAi mbulon nj\u00eb gam\u00eb t\u00eb gjer\u00eb temash, si ato politike, ekonomike, kulturore, t\u00eb arsimit, etj.\r\nIDRAMEDIA ka ngritur nje staf, i cili furnizon \u201cKolibrin\u201d me nj\u00eb p\u00ebrmbledhje lajmesh t\u00eb reja, t\u00eb dit\u00ebs, duke p\u00ebrdorur si \r\nburim mediat online. Aplikimi \u00ebsht\u00eb tashm\u00eb i disponuesh\u00ebm p\u00ebr perdorim publik dhe \u00ebsht\u00eb formatuar sipas preferencave dhe \r\nnevojave t\u00eb p\u00ebrdoruesit; duke pasur mundesi perzgjedhje dhe shfaqeje t\u00eb lajmeve q\u00eb kan\u00eb interes.\r\n\r\n<a href=\"http:\/\/kolibri.al\/\">www.kolibri.al<\/a>\r\n<\/div><\/pre>\n<h4>Idramedia Monitorim<\/h4>\n<\/div>\n<div class=\"nine columns  omega\"><div class=\"flexslider\" rel=\"slide\" rel-speed=\"7000\"><ul class=\"slides\"><li class=\"pic\"><img decoding=\"async\" src=\"http:\/\/idramedia.com\/wp-content\/uploads\/2018\/02\/kolibri-home-page.png\" alt=\"\" \/><span class=\"img_overlay_zoom\"><\/span><\/li><li class=\"pic\"><img decoding=\"async\" src=\"http:\/\/idramedia.com\/wp-content\/uploads\/2018\/01\/showcase_platform.png\" alt=\"\" \/><span class=\"img_overlay_zoom\"><\/span><\/li><\/ul><\/div><\/div><br class=\"h10 clear\"\/>\n\r\n\t\t\t<\/div>\t\t\t\r\n    \t<\/div>\r\n\t<\/div>\r\n\t<\/div><!-- Container Row :: END -->\r\n\t\n<!-- Container Row --><div class=\"container animationStart \">\r\n\t\t<div class=\"row   \">\r\n\t\t\t<div class=\"sixteen columns\">\r\n\t\t\t<div class=\"clients_section\">\t\r\n\t\t\t<div class=\"five columns client_info_intro alpha\">\r\n\t\t\t\t<h1>Our Clients<\/h1>\r\n\t\t\t\t<h2><\/h2>\r\n\t\t\t\t IDRAMEDIA is well-positioned to serve clients who value media information and measurement and who want to improve their marketing performance. This includes top advertisers, international advertising agencies, media outlets, and research institutions.\r\n\t\t\t<\/div>\r\n\t\t\t<div class=\"ten columns client_info_holder animationStart omega\">\t\t\t\t\r\n\t\t\t\t\n<div class=\"three columns client_info\">\r\n\t\t\t<a href=\"\" target=\"_blank\" class=\"tooltipsy\" original-title=\"Vodafone\"><img decoding=\"async\" src=\"http:\/\/idramedia.com\/wp-content\/uploads\/2018\/01\/voddafone-logo.jpg\"><\/a>\r\n\t\t  <\/div>\n<div class=\"three columns client_info\">\r\n\t\t\t<a href=\"\" target=\"_blank\" class=\"tooltipsy\" original-title=\"Media House\"><img decoding=\"async\" src=\"http:\/\/idramedia.com\/wp-content\/uploads\/2019\/05\/mediahouse.jpg\"><\/a>\r\n\t\t  <\/div>\n<div class=\"three columns client_info\">\r\n\t\t\t<a href=\"\" target=\"_blank\" class=\"tooltipsy\" original-title=\"Kredo.al\"><img decoding=\"async\" src=\"http:\/\/idramedia.com\/wp-content\/uploads\/2019\/05\/kredo-al.png\"><\/a>\r\n\t\t  <\/div>\n<div class=\"three columns client_info\">\r\n\t\t\t<a href=\"\" target=\"_blank\" class=\"tooltipsy\" original-title=\"World Bank\"><img decoding=\"async\" src=\"http:\/\/idramedia.com\/wp-content\/uploads\/2019\/05\/world-bank.jpg\"><\/a>\r\n\t\t  <\/div>\n<div class=\"three columns client_info\">\r\n\t\t\t<a href=\"\" target=\"_blank\" class=\"tooltipsy\" original-title=\"Raiffeisen Bank Kosovo\"><img decoding=\"async\" src=\"http:\/\/idramedia.com\/wp-content\/uploads\/2018\/01\/raiffeisen_logo.jpg\"><\/a>\r\n\t\t  <\/div>\n<div class=\"three columns client_info\">\r\n\t\t\t<a href=\"\" target=\"_blank\" class=\"tooltipsy\" original-title=\"Optimum Media\"><img decoding=\"async\" src=\"http:\/\/idramedia.com\/wp-content\/uploads\/2018\/01\/Optimum_Media2_logo.jpg\"><\/a>\r\n\t\t  <\/div>\n<div class=\"three columns client_info\">\r\n\t\t\t<a href=\"\" target=\"_blank\" class=\"tooltipsy\" original-title=\"New Moment\"><img decoding=\"async\" src=\"http:\/\/idramedia.com\/wp-content\/uploads\/2018\/01\/New-moment_logo.jpg\"><\/a>\r\n\t\t  <\/div>\n<div class=\"three columns client_info\">\r\n\t\t\t<a href=\"\" target=\"_blank\" class=\"tooltipsy\" original-title=\"Mccann Tirana\"><img decoding=\"async\" src=\"http:\/\/idramedia.com\/wp-content\/uploads\/2018\/01\/mccann-tirana_logo.jpg\"><\/a>\r\n\t\t  <\/div>\n<div class=\"three columns client_info\">\r\n\t\t\t<a href=\"\" target=\"_blank\" class=\"tooltipsy\" original-title=\"Direct Media\"><img decoding=\"async\" src=\"http:\/\/idramedia.com\/wp-content\/uploads\/2018\/01\/direct-media_logo.jpg\"><\/a>\r\n\t\t  <\/div>\n<div class=\"three columns client_info\">\r\n\t\t\t<a href=\"\" target=\"_blank\" class=\"tooltipsy\" original-title=\"Brunes\"><img decoding=\"async\" src=\"http:\/\/idramedia.com\/wp-content\/uploads\/2018\/07\/brunes.jpg\"><\/a>\r\n\t\t  <\/div>\n<div class=\"three columns client_info\">\r\n\t\t\t<a href=\"\" target=\"_blank\" class=\"tooltipsy\" original-title=\"Union Bank\"><img decoding=\"async\" src=\"http:\/\/idramedia.com\/wp-content\/uploads\/2018\/07\/union-bank-logo.jpeg\"><\/a>\r\n\t\t  <\/div>\n<div class=\"three columns client_info\">\r\n\t\t\t<a href=\"\" target=\"_blank\" class=\"tooltipsy\" original-title=\"Western Union\"><img decoding=\"async\" src=\"http:\/\/idramedia.com\/wp-content\/uploads\/2019\/09\/logo.png\"><\/a>\r\n\t\t  <\/div>\n<div class=\"three columns client_info\">\r\n\t\t\t<a href=\"\" target=\"_blank\" class=\"tooltipsy\" original-title=\"Bashkimi Evropian\"><img decoding=\"async\" src=\"http:\/\/idramedia.com\/wp-content\/uploads\/2019\/09\/bashkimi_evropian.jpg\"><\/a>\r\n\t\t  <\/div>\n<div class=\"three columns client_info\">\r\n\t\t\t<a href=\"\" target=\"_blank\" class=\"tooltipsy\" original-title=\"Unicef\"><img decoding=\"async\" src=\"http:\/\/idramedia.com\/wp-content\/uploads\/2019\/09\/unicef.jpg\"><\/a>\r\n\t\t  <\/div>\n\r\n\t\t\t<\/div>\r\n\t\t\t<div class=\"clear\"><\/div>\r\n\t\t<\/div> \r\n\t\t\t<\/div>\t\t\t\r\n    \t<\/div>\r\n\t<\/div>\r\n\t<!-- Container Row :: END -->\r\n\t\n<!-- Container Row --><div  data-stellar-background-ratio=\"0.5\" class=\"full_container parallax_bgr  no_border_container\" style=\"background:url(http:\/\/blueowlcreative.com\/wp\/savia\/wp-content\/uploads\/2014\/01\/office_bgr.jpg) center center no-repeat; background-attachment: fixed; background-size: cover;\"><div class=\"container animationStart \">\r\n\t\t<div class=\"row   dark_container_white_text\">\r\n\t\t\t<div class=\"sixteen columns\">\r\n\t\t\t\n<h2 class=\"title  \"><span>OUR\u00a0<strong>MEDIA<\/strong>\u00a0MONITORING<\/span><\/h2>\n<div class=\"numbers_holder animationBegin centered_digits\">\n<div class=\"column one-fifth  alpha\"><a href=\"http:\/\/idramedia.com\/services-products\/tv-channels\/\"><div id=\"counter1\" class=\"counter\">\r\n\t\t\t\t\t<input type=\"hidden\" class=\"counter_hidden\" data-end-nu=\"34\" name=\"counter1-value\" value=\"\" \/>\r\n\t\t\t\t\t<div class=\"counter_desc\">TV Channels<\/div>\r\n\t\t\t\t<\/div><\/a><\/div>\n<div class=\"column one-fifth  \"><a href=\"http:\/\/idramedia.com\/services-products\/radio-stations\/\"><div id=\"counter2\" class=\"counter\">\r\n\t\t\t\t\t<input type=\"hidden\" class=\"counter_hidden\" data-end-nu=\"10\" name=\"counter2-value\" value=\"\" \/>\r\n\t\t\t\t\t<div class=\"counter_desc\">Radio Channels<\/div>\r\n\t\t\t\t<\/div><\/a><\/div>\n<div class=\"column one-fifth  \"><a href=\"http:\/\/idramedia.com\/services-products\/print-outlets\/\"><div id=\"counter3\" class=\"counter\">\r\n\t\t\t\t\t<input type=\"hidden\" class=\"counter_hidden\" data-end-nu=\"35\" name=\"counter3-value\" value=\"\" \/>\r\n\t\t\t\t\t<div class=\"counter_desc\">Print Monitoring<\/div>\r\n\t\t\t\t<\/div><\/a><\/div>\n<div class=\"column one-fifth  \"><a href=\"http:\/\/idramedia.com\/services-products\/web-pages-and-portals\/\"><div id=\"counter3\" class=\"counter\">\r\n\t\t\t\t\t<input type=\"hidden\" class=\"counter_hidden\" data-end-nu=\"43\" name=\"counter3-value\" value=\"\" \/>\r\n\t\t\t\t\t<div class=\"counter_desc\">Website Monitoring<\/div>\r\n\t\t\t\t<\/div><\/a><\/div>\n<div class=\"column one-fifth  omega\"><a href=\"http:\/\/idramedia.com\/services-products\/out-of-home\/\"><div id=\"counter3\" class=\"counter\">\r\n\t\t\t\t\t<input type=\"hidden\" class=\"counter_hidden\" data-end-nu=\"1350\" name=\"counter3-value\" value=\"\" \/>\r\n\t\t\t\t\t<div class=\"counter_desc\">Out Of Home<\/div>\r\n\t\t\t\t<\/div><\/a><\/div><br class=\"h10 clear\"\/>\n<\/div>\r\n\t\t\t\t\t<script type=\"text\/javascript\">\r\n\t\t\t\t        \r\n\t\t\t\t        jQuery(\".numbers_holder.animationBegin\").appear({\r\n\t\t\t\t\t\t\tonce: true,\r\n\t\t\t\t\t\t\tforEachVisible: function (i, e) {\r\n\t\t\t\t\t\t\t\tjQuery(e).data(\"delay\", i);\r\n\t\t\t\t\t\t\t},\r\n\t\t\t\t\t\t\tappear: function () {\r\n\t\t\t\t\t\t\t\tvar delay = 400;\r\n\t\t\t\r\n\t\t\t\t\t\t\t\tjQuery(this).find(\".counter\").each(function (i, e) {\r\n\t\t\t\t\t\t\t\t\tjQuery(e).trans(i * delay + \"ms\", \"-delay\");\r\n\r\n\t\t\t\t\t\t\t\t\tsetTimeout(function(){\r\n\t\t\t\t\t\t\t\t\t\tend_nu = jQuery(e).find(\".counter_hidden:first\").attr(\"data-end-nu\");\r\n\t\t\t\t\t\t\t\t\t\tjQuery(e).flipCounter(\"startAnimation\", { end_number: end_nu }).find(\".counter_desc\").addClass(\"shown\");\r\n\t\t\t\t\t\t\t\t\t}, i * delay);\t\t\t\t\t\t\t\t\t\r\n\t\t\t\t\t\t\t        \r\n\t\t\t\t\t\t\t    \r\n\t\t\t\t\t\t\t\t});\r\n\t\t\t\t\t\t\t\tjQuery(this).removeClass(\"animationBegin\");\r\n\t\t\t\t\t\t\t}\r\n\t\t\t\t\t\t});\r\n\t\t\t\t        \r\n\t\t\t\t        \r\n\t\t\t\t<\/script>\t\r\n\t\n\r\n\t\t\t<\/div>\t\t\t\r\n    \t<\/div>\r\n\t<\/div>\r\n\t<\/div><!-- Container Row :: END -->\r\n\t\n<!-- Container Row --><div class=\"container animationStart \">\r\n\t\t<div class=\"row   \">\r\n\t\t\t<div class=\"sixteen columns\">\r\n\t\t\t\n\r\n\t\t  \t<h2 class=\"left_title  \"><span>Latest News<\/span><\/h2>\r\n\t\t\t<div class=\"clear h20\"><\/div>\r\n\t  \t\t<div class=\"carousel_section carousel_section_2caf24b0fd3beec885a518a2505cca04 section_featured_posts\" >\r\n\t\t\t\t<ul id=\"posts_carousel_2caf24b0fd3beec885a518a2505cca04\"><li class=\"four columns margined_top\"><div class=\"pic\"><a href=\"https:\/\/idramedia.com\/en\/idra-opens-office-in-vietnam-a-new-market-a-new-challenge-same-professional-standard\/\"><img loading=\"lazy\" decoding=\"async\" width=\"460\" height=\"290\" src=\"https:\/\/idramedia.com\/wp-content\/uploads\/2017\/11\/vietnam_news1-460x290.png\" class=\"attachment-portfolio-medium size-portfolio-medium wp-post-image\" alt=\"\" \/><div class=\"img_overlay_zoom\"><span class=\"icon_plus\"><\/span><\/div><\/a><\/div><div class=\"small_post_list_left\">\r\n\t\t\t\t\t\t\t\t\t<div class=\"small_day\">28<\/div>\r\n\t\t\t\t\t\t\t\t\t<div class=\"small_month\">Nov<\/div>\r\n\t\t\t\t\t\t\t\t<\/div><div class=\"small_post_list_right\"><h4><a href=\"https:\/\/idramedia.com\/en\/idra-opens-office-in-vietnam-a-new-market-a-new-challenge-same-professional-standard\/\">IDRA opens office in Vietnam \u2013 a new market, a new challenge, same professional standard<\/a><\/h4><p>Hue, Vietnam, 28.11.2017 Starting from November 2017, IDRA has joined forces with Flow<\/p><\/div><\/li><li class=\"four columns margined_top\"><div class=\"pic\"><a href=\"https:\/\/idramedia.com\/en\/pawpaw4d-agen-slot-terpercaya-dengan-reputasi-kuat-dan-sistem-bermain-yang-transparan\/\"><div class=\"img_overlay_zoom\"><span class=\"icon_plus\"><\/span><\/div><\/a><\/div><div class=\"small_post_list_left\">\r\n\t\t\t\t\t\t\t\t\t<div class=\"small_day\">19<\/div>\r\n\t\t\t\t\t\t\t\t\t<div class=\"small_month\">Nov<\/div>\r\n\t\t\t\t\t\t\t\t<\/div><div class=\"small_post_list_right\"><h4><a href=\"https:\/\/idramedia.com\/en\/pawpaw4d-agen-slot-terpercaya-dengan-reputasi-kuat-dan-sistem-bermain-yang-transparan\/\">PAWPAW4D: Agen Slot Terpercaya dengan Reputasi Kuat dan Sistem Bermain yang Transparan<\/a><\/h4><p>Dalam dunia permainan digital yang berkembang pesat, kebutuhan utama pemain bukan hanya<\/p><\/div><\/li><\/ul><\/div>\r\n\t            \r\n\t            \t\t<script type=\"text\/javascript\">\r\n\t\t\t\t\t\t\t\t\t\t\t\t\t\t\t\t\t\t\t\r\n\t\t\t\t\t\t\tjQuery(document).ready(function($) {\t\t\t\t\t\t\t\r\n\t\t\t\t\t\t\t\t$(\"#posts_carousel_2caf24b0fd3beec885a518a2505cca04\").jcarousel({\r\n\t\t\t\t\t\t\t\t   \tscroll: ($(window).width() > 768 ? 4 : 1),\r\n\t\t\t\t\t\t\t\t   \teasing: \"easeInOutExpo\",\r\n\t\t\t\t\t\t\t\t   \tanimation: 700\r\n\t\t\t\t\t\t\t\t});\r\n\t\t\t\t\t\t\t});\r\n\t\t\t\t\r\n\t\t\t\t\t\t\t\/\/ Reload carousels on window resize to scroll only 1 item if viewport is small if Responsive Mode is enabled\t\t\t\t   \r\n\t\t\t\t\t\t   jQuery(window).resize(function() {\r\n\t\t\t\t\t\t\t\t   var el = jQuery(\"#posts_carousel_2caf24b0fd3beec885a518a2505cca04\"), carousel = el.data(\"jcarousel\"), win_width = jQuery(window).width();\t\t\t\t\t\t\t\t\t   \r\n\t\t\t\t\t\t\t\t   var visibleItems = (win_width > 768 ? 4 : 1);\r\n\t\t\t\t\t\t\t\t   carousel.options.visible = visibleItems;\r\n\t\t\t\t\t\t\t\t   carousel.options.scroll = visibleItems;\r\n\t\t\t\t\t\t\t\t   carousel.reload();\r\n\t\t\t\t\t\t\t}); \r\n\t\t\t\t\t\t<\/script>\r\n\t\t\t\t\t\t<!-- Posts Carousel :: END -->\t            \r\n\t            \n\r\n\t\t\t<\/div>\t\t\t\r\n    \t<\/div>\r\n\t<\/div>\r\n\t<!-- Container Row :: END -->","protected":false},"excerpt":{"rendered":"","protected":false},"author":1,"featured_media":0,"parent":0,"menu_order":0,"comment_status":"open","ping_status":"open","template":"","meta":{"footnotes":""},"class_list":["post-1504","page","type-page","status-publish","hentry"],"_links":{"self":[{"href":"https:\/\/idramedia.com\/en\/wp-json\/wp\/v2\/pages\/1504","targetHints":{"allow":["GET"]}}],"collection":[{"href":"https:\/\/idramedia.com\/en\/wp-json\/wp\/v2\/pages"}],"about":[{"href":"https:\/\/idramedia.com\/en\/wp-json\/wp\/v2\/types\/page"}],"author":[{"embeddable":true,"href":"https:\/\/idramedia.com\/en\/wp-json\/wp\/v2\/users\/1"}],"replies":[{"embeddable":true,"href":"https:\/\/idramedia.com\/en\/wp-json\/wp\/v2\/comments?post=1504"}],"version-history":[{"count":5,"href":"https:\/\/idramedia.com\/en\/wp-json\/wp\/v2\/pages\/1504\/revisions"}],"predecessor-version":[{"id":2317,"href":"https:\/\/idramedia.com\/en\/wp-json\/wp\/v2\/pages\/1504\/revisions\/2317"}],"wp:attachment":[{"href":"https:\/\/idramedia.com\/en\/wp-json\/wp\/v2\/media?parent=1504"}],"curies":[{"name":"wp","href":"https:\/\/api.w.org\/{rel}","templated":true}]}}