{"id":1838,"date":"2018-01-18T14:36:18","date_gmt":"2018-01-18T13:36:18","guid":{"rendered":"http:\/\/idramedia.com\/new\/?page_id=1838"},"modified":"2018-05-03T15:18:53","modified_gmt":"2018-05-03T13:18:53","slug":"out-of-home","status":"publish","type":"page","link":"https:\/\/idramedia.com\/en\/media-research\/out-of-home\/","title":{"rendered":"Out-of-Home"},"content":{"rendered":"<!-- Container Row --><div class=\"container animationStart \">\r\n\t\t<div class=\"row   \">\r\n\t\t\t<div class=\"sixteen columns\">\r\n\t\t\t\n<h2 class=\"left_title   title_bgr\"><span> <strong>COVERAGE OF OUT-OF-HOME ADVERTISING<\/strong><\/span><\/h2><div class='h20'><\/div>\n\r\n\t\t\t<\/div>\t\t\t\r\n    \t<\/div>\r\n\t<\/div>\r\n\t<!-- Container Row :: END -->\r\n\t\n<!-- Container Row --><div class=\"container animationStart \">\r\n\t\t<div class=\"row   \">\r\n\t\t\t<div class=\"sixteen columns\">\r\n\t\t\t\n<div class=\"eight columns  alpha\">\n<p>IDRAMEDIA has a large monitoring network of Out-of-Home advertising, including the largest cities in Albania and Kosovo: Tirana, Shkodra, Elbasan, Kor\u00e7a, Durr\u00ebs, Fier, Vlora and Gjirokastra. Moreover, the service provided covers almost all of Albania&#8217;s border points: Rinas Airport, Hani i Hotit, Morin\u00eb, Qaf\u00eb Than\u00eb, Kapshtica, Kakavija. As far as the road network is concerned, IDRAMEDIA covers national roads to major cities and border points. The number of Out-of-Home advertisements located in public spaces ranging in different formats such as billboards, roads, freeways, highways, transit and alternative locations, reaches around 1,800 operators in Albania and Kosovo, representing the most the great Out-of-Home monitored by IDRAMEDIA.<\/p>\n<\/div>\n<div class=\"eight columns  omega\">\n<p><img loading=\"lazy\" decoding=\"async\" class=\"aligncenter size-full wp-image-2035\" src=\"http:\/\/idramedia.com\/wp-content\/uploads\/2018\/02\/idramedia-ohh-map2.jpg\" alt=\"\" width=\"1170\" height=\"1560\" srcset=\"https:\/\/idramedia.com\/wp-content\/uploads\/2018\/02\/idramedia-ohh-map2.jpg 1170w, https:\/\/idramedia.com\/wp-content\/uploads\/2018\/02\/idramedia-ohh-map2-225x300.jpg 225w, https:\/\/idramedia.com\/wp-content\/uploads\/2018\/02\/idramedia-ohh-map2-768x1024.jpg 768w\" sizes=\"auto, (max-width: 1170px) 100vw, 1170px\" \/><\/p>\n<\/div><br class=\"h10 clear\"\/>\n\r\n\t\t\t<\/div>\t\t\t\r\n    \t<\/div>\r\n\t<\/div>\r\n\t<!-- Container Row :: END -->\r\n\t\n<p>&nbsp;","protected":false},"excerpt":{"rendered":"<p>&nbsp;<\/p>\n","protected":false},"author":1,"featured_media":0,"parent":1753,"menu_order":0,"comment_status":"closed","ping_status":"closed","template":"","meta":{"footnotes":""},"class_list":["post-1838","page","type-page","status-publish","hentry"],"_links":{"self":[{"href":"https:\/\/idramedia.com\/en\/wp-json\/wp\/v2\/pages\/1838","targetHints":{"allow":["GET"]}}],"collection":[{"href":"https:\/\/idramedia.com\/en\/wp-json\/wp\/v2\/pages"}],"about":[{"href":"https:\/\/idramedia.com\/en\/wp-json\/wp\/v2\/types\/page"}],"author":[{"embeddable":true,"href":"https:\/\/idramedia.com\/en\/wp-json\/wp\/v2\/users\/1"}],"replies":[{"embeddable":true,"href":"https:\/\/idramedia.com\/en\/wp-json\/wp\/v2\/comments?post=1838"}],"version-history":[{"count":32,"href":"https:\/\/idramedia.com\/en\/wp-json\/wp\/v2\/pages\/1838\/revisions"}],"predecessor-version":[{"id":2197,"href":"https:\/\/idramedia.com\/en\/wp-json\/wp\/v2\/pages\/1838\/revisions\/2197"}],"up":[{"embeddable":true,"href":"https:\/\/idramedia.com\/en\/wp-json\/wp\/v2\/pages\/1753"}],"wp:attachment":[{"href":"https:\/\/idramedia.com\/en\/wp-json\/wp\/v2\/media?parent=1838"}],"curies":[{"name":"wp","href":"https:\/\/api.w.org\/{rel}","templated":true}]}}